{"id":98,"date":"2023-09-12T13:43:32","date_gmt":"2023-09-12T13:43:32","guid":{"rendered":"https:\/\/djecjivrticsvetogpavlaapostola.hr\/?page_id=98"},"modified":"2024-03-11T10:35:39","modified_gmt":"2024-03-11T09:35:39","slug":"ustroj-vrtica","status":"publish","type":"page","link":"https:\/\/djecjivrticsvetogpavlaapostola.hr\/?page_id=98","title":{"rendered":"Ustroj vrti\u0107a"},"content":{"rendered":"\n<h1 class=\"wp-block-heading\">Ustroj vrti\u0107a<\/h1>\n\n\n\n<p>Vrti\u0107 se bavi pred\u0161kolskim odgojem i obrazovanjem te skrbi o djeci rane i pred\u0161kolske dobi poradi poticanja cjelovitog razvoja osobnosti djeteta i kvalitete njegova \u017eivota sukladno Zakonu u pred\u0161kolskom odgoju i obrazovanju, propisima donesenim na osnovi Zakona, Nacionalnom kurikulumu za pred\u0161kolski odgoj i obrazovanje, kurikulumu i godi\u0161njem planu Vrti\u0107a, odredbama Statuta Vrti\u0107a i ostalim podzakonskim aktima.<\/p>\n\n\n\n<p>U vrti\u0107u se ostvaruju slijede\u0107i programi:<\/p>\n\n\n\n<ul class=\"wp-block-list\">\n<li>redoviti program njege, odgoja, obrazovanja, zdravstvene za\u0161tite, prehrane i socijalne skrbi djece rane i pred\u0161kolske dobi koji su prilago\u0111eni razvojnim potrebama djece te njihovim mogu\u0107nostima i sposobnostima,<\/li>\n\n\n\n<li>programi ranog u\u010denja stranih jezika i druge programe umjetni\u010dkog, kulturnog, vjerskog i sportskog sadr\u017eaja<\/li>\n\n\n\n<li>programi pred\u0161kole i<\/li>\n\n\n\n<li>drugi programi u skladu s potrebama djece i zahtjevima roditelja.<\/li>\n<\/ul>\n\n\n\n<p>Rad vrti\u0107a organiziran je, prema Pravilniku o unutarnjem ustrojstvu vrti\u0107a, a koji mo\u017eete prona\u0107i (uz ostale korisne dokumente) na stranici <a href=\"https:\/\/djecjivrticsvetogpavlaapostola.hr\/?page_id=100\" data-type=\"link\" data-id=\"https:\/\/djecjivrticsvetogpavlaapostola.hr\/?page_id=100\">O vrti\u0107u \/ Statut, op\u0107i akti i korisni dokumenti<\/a>.<\/p>\n","protected":false},"excerpt":{"rendered":"<p>Ustroj vrti\u0107a Vrti\u0107 se bavi pred\u0161kolskim odgojem i obrazovanjem te skrbi o djeci rane i pred\u0161kolske dobi poradi poticanja cjelovitog razvoja osobnosti djeteta i kvalitete njegova \u017eivota sukladno Zakonu u pred\u0161kolskom odgoju i obrazovanju, propisima donesenim na osnovi Zakona, Nacionalnom kurikulumu za pred\u0161kolski odgoj i obrazovanje, kurikulumu i godi\u0161njem planu Vrti\u0107a, odredbama Statuta Vrti\u0107a i [&hellip;]<\/p>\n","protected":false},"author":1,"featured_media":0,"parent":0,"menu_order":0,"comment_status":"closed","ping_status":"closed","template":"","meta":{"_breakdance_hide_in_design_set":false,"_breakdance_tags":"","footnotes":""},"class_list":["post-98","page","type-page","status-publish","hentry"],"_links":{"self":[{"href":"https:\/\/djecjivrticsvetogpavlaapostola.hr\/index.php?rest_route=\/wp\/v2\/pages\/98","targetHints":{"allow":["GET"]}}],"collection":[{"href":"https:\/\/djecjivrticsvetogpavlaapostola.hr\/index.php?rest_route=\/wp\/v2\/pages"}],"about":[{"href":"https:\/\/djecjivrticsvetogpavlaapostola.hr\/index.php?rest_route=\/wp\/v2\/types\/page"}],"author":[{"embeddable":true,"href":"https:\/\/djecjivrticsvetogpavlaapostola.hr\/index.php?rest_route=\/wp\/v2\/users\/1"}],"replies":[{"embeddable":true,"href":"https:\/\/djecjivrticsvetogpavlaapostola.hr\/index.php?rest_route=%2Fwp%2Fv2%2Fcomments&post=98"}],"version-history":[{"count":4,"href":"https:\/\/djecjivrticsvetogpavlaapostola.hr\/index.php?rest_route=\/wp\/v2\/pages\/98\/revisions"}],"predecessor-version":[{"id":213,"href":"https:\/\/djecjivrticsvetogpavlaapostola.hr\/index.php?rest_route=\/wp\/v2\/pages\/98\/revisions\/213"}],"wp:attachment":[{"href":"https:\/\/djecjivrticsvetogpavlaapostola.hr\/index.php?rest_route=%2Fwp%2Fv2%2Fmedia&parent=98"}],"curies":[{"name":"wp","href":"https:\/\/api.w.org\/{rel}","templated":true}]}}