{"id":83,"date":"2023-09-12T13:37:08","date_gmt":"2023-09-12T13:37:08","guid":{"rendered":"https:\/\/djecjivrticsvetogpavlaapostola.hr\/?page_id=83"},"modified":"2024-03-11T09:53:06","modified_gmt":"2024-03-11T08:53:06","slug":"pravo-na-pristup-informacijama","status":"publish","type":"page","link":"https:\/\/djecjivrticsvetogpavlaapostola.hr\/?page_id=83","title":{"rendered":"Pravo na pristup informacijama"},"content":{"rendered":"\n<h1 class=\"wp-block-heading\">Pravo na pristup informacijama<\/h1>\n\n\n\n<p>Na ovoj stranici se nalazi repozitorij s podacima relevantnim za pravo na pristup informacijama.<\/p>\n\n\n\n<p><a href=\"https:\/\/djecjivrticsvetogpavlaapostola.hr\/wp-content\/uploads\/2023\/09\/Vodic-za-gradane-Ostvari-pravo-na-informaciju-v2.pdf\" data-type=\"link\" data-id=\"https:\/\/djecjivrticsvetogpavlaapostola.hr\/wp-content\/uploads\/2023\/09\/Vodic-za-gradane-Ostvari-pravo-na-informaciju-v2.pdf\">Vodi\u010d za gra\u0111ane &#8211; <em>Ostvari pravo na informaciju<\/em><\/a><\/p>\n\n\n\n<p><a href=\"https:\/\/djecjivrticsvetogpavlaapostola.hr\/wp-content\/uploads\/2023\/09\/ODLUKA-O-IMENOVANJU-PPI.pdf\" data-type=\"link\" data-id=\"https:\/\/djecjivrticsvetogpavlaapostola.hr\/wp-content\/uploads\/2023\/09\/ODLUKA-O-IMENOVANJU-PPI.pdf\">Odluka o imenovanju slu\u017ebenice za informiranje<\/a><\/p>\n\n\n\n<p><a href=\"https:\/\/djecjivrticsvetogpavlaapostola.hr\/wp-content\/uploads\/2023\/09\/Obrasci_za_pristup_informacijama.pdf\" data-type=\"link\" data-id=\"https:\/\/djecjivrticsvetogpavlaapostola.hr\/wp-content\/uploads\/2023\/09\/Obrasci_za_pristup_informacijama.pdf\">Obrasci za pristup informacijama [PDF]<\/a><\/p>\n\n\n\n<p><a href=\"https:\/\/djecjivrticsvetogpavlaapostola.hr\/wp-content\/uploads\/2023\/09\/NAKNADA-PPI.pdf\" data-type=\"link\" data-id=\"https:\/\/djecjivrticsvetogpavlaapostola.hr\/wp-content\/uploads\/2023\/09\/NAKNADA-PPI.pdf\">Obavijest o naknadama materijalnih tro\u0161kova nastalih pru\u017eanjem informacije<\/a><\/p>\n\n\n\n<p>Godi\u0161nja izvje\u0161\u0107a<\/p>\n\n\n\n<ul class=\"wp-block-list\">\n<li><a href=\"https:\/\/djecjivrticsvetogpavlaapostola.hr\/wp-content\/uploads\/2024\/03\/Godisnje-izvjesce-2023.pdf\" data-type=\"link\" data-id=\"https:\/\/djecjivrticsvetogpavlaapostola.hr\/wp-content\/uploads\/2024\/03\/Godisnje-izvjesce-2023.pdf\" target=\"_blank\" rel=\"noreferrer noopener\">Godi\u0161nje izvje\u0161\u0107e za 2023<\/a><\/li>\n\n\n\n<li><a href=\"https:\/\/djecjivrticsvetogpavlaapostola.hr\/wp-content\/uploads\/2023\/09\/Godisnje_izvjesce-2022.pdf\" data-type=\"link\" data-id=\"https:\/\/djecjivrticsvetogpavlaapostola.hr\/wp-content\/uploads\/2023\/09\/Godisnje_izvjesce-2022.pdf\">Godi\u0161nje izvje\u0161\u0107e za 2022<\/a><\/li>\n\n\n\n<li><a href=\"https:\/\/djecjivrticsvetogpavlaapostola.hr\/wp-content\/uploads\/2023\/09\/Godisnje-izvjesce-2021.pdf\" data-type=\"link\" data-id=\"https:\/\/djecjivrticsvetogpavlaapostola.hr\/wp-content\/uploads\/2023\/09\/Godisnje-izvjesce-2021.pdf\" target=\"_blank\" rel=\"noreferrer noopener\">Godi\u0161nje izvje\u0161\u0107e za 2021<\/a><\/li>\n\n\n\n<li><a href=\"https:\/\/djecjivrticsvetogpavlaapostola.hr\/wp-content\/uploads\/2023\/09\/Godisnje-izvjesce-2020.pdf\" data-type=\"link\" data-id=\"https:\/\/djecjivrticsvetogpavlaapostola.hr\/wp-content\/uploads\/2023\/09\/Godisnje-izvjesce-2020.pdf\" target=\"_blank\" rel=\"noreferrer noopener\">Godi\u0161nje izvje\u0161\u0107e za 2020<\/a><\/li>\n\n\n\n<li><a href=\"https:\/\/djecjivrticsvetogpavlaapostola.hr\/wp-content\/uploads\/2023\/09\/Godisnje_izvjesce-2019.pdf\" data-type=\"link\" data-id=\"https:\/\/djecjivrticsvetogpavlaapostola.hr\/wp-content\/uploads\/2023\/09\/Godisnje_izvjesce-2019.pdf\" target=\"_blank\" rel=\"noreferrer noopener\">Godi\u0161nje izvje\u0161\u0107e za 2019<\/a><\/li>\n<\/ul>\n\n\n\n<p><a href=\"https:\/\/djecjivrticsvetogpavlaapostola.hr\/wp-content\/uploads\/2023\/09\/Upitnik-za-samoprocjenu-DV.pdf\" data-type=\"link\" data-id=\"https:\/\/djecjivrticsvetogpavlaapostola.hr\/wp-content\/uploads\/2023\/09\/Upitnik-za-samoprocjenu-DV.pdf\">Upitnik za samoprocjenu<\/a><\/p>\n","protected":false},"excerpt":{"rendered":"<p>Pravo na pristup informacijama Na ovoj stranici se nalazi repozitorij s podacima relevantnim za pravo na pristup informacijama. Vodi\u010d za gra\u0111ane &#8211; Ostvari pravo na informaciju Odluka o imenovanju slu\u017ebenice za informiranje Obrasci za pristup informacijama [PDF] Obavijest o naknadama materijalnih tro\u0161kova nastalih pru\u017eanjem informacije Godi\u0161nja izvje\u0161\u0107a Upitnik za samoprocjenu<\/p>\n","protected":false},"author":1,"featured_media":0,"parent":0,"menu_order":0,"comment_status":"closed","ping_status":"closed","template":"","meta":{"_breakdance_hide_in_design_set":false,"_breakdance_tags":"","footnotes":""},"class_list":["post-83","page","type-page","status-publish","hentry"],"_links":{"self":[{"href":"https:\/\/djecjivrticsvetogpavlaapostola.hr\/index.php?rest_route=\/wp\/v2\/pages\/83","targetHints":{"allow":["GET"]}}],"collection":[{"href":"https:\/\/djecjivrticsvetogpavlaapostola.hr\/index.php?rest_route=\/wp\/v2\/pages"}],"about":[{"href":"https:\/\/djecjivrticsvetogpavlaapostola.hr\/index.php?rest_route=\/wp\/v2\/types\/page"}],"author":[{"embeddable":true,"href":"https:\/\/djecjivrticsvetogpavlaapostola.hr\/index.php?rest_route=\/wp\/v2\/users\/1"}],"replies":[{"embeddable":true,"href":"https:\/\/djecjivrticsvetogpavlaapostola.hr\/index.php?rest_route=%2Fwp%2Fv2%2Fcomments&post=83"}],"version-history":[{"count":8,"href":"https:\/\/djecjivrticsvetogpavlaapostola.hr\/index.php?rest_route=\/wp\/v2\/pages\/83\/revisions"}],"predecessor-version":[{"id":209,"href":"https:\/\/djecjivrticsvetogpavlaapostola.hr\/index.php?rest_route=\/wp\/v2\/pages\/83\/revisions\/209"}],"wp:attachment":[{"href":"https:\/\/djecjivrticsvetogpavlaapostola.hr\/index.php?rest_route=%2Fwp%2Fv2%2Fmedia&parent=83"}],"curies":[{"name":"wp","href":"https:\/\/api.w.org\/{rel}","templated":true}]}}