{"id":3,"date":"2023-02-28T06:47:43","date_gmt":"2023-02-28T06:47:43","guid":{"rendered":"http:\/\/dvspa.necto.com.hr\/?page_id=3"},"modified":"2023-09-12T13:52:56","modified_gmt":"2023-09-12T13:52:56","slug":"privacy-policy","status":"publish","type":"page","link":"https:\/\/djecjivrticsvetogpavlaapostola.hr\/?page_id=3","title":{"rendered":"Politka privatnosti"},"content":{"rendered":"\n<h1 class=\"wp-block-heading\">Politka privatnosti dje\u010djeg vrti\u0107a Svetog Pavla apostola<\/h1>\n\n\n\n<p>Ovom Politikom za\u0161tite osobnih podataka <strong>Dje\u010djeg vrti\u0107a Svetog Pavla apostola,<\/strong> Pujanke 14, Split, OIB: 47638288363, kao voditelja obrade osobnih podataka utvr\u0111uju se uvjeti i na\u010dini prikupljanja i obrade osobnih podataka sukladno Op\u0107oj uredbi (EU) 2016\/679 Europskog parlamenta i Vije\u0107a od 27. travnja 2016. godine o za\u0161titi pojedinca u vezi s obradom osobnih podataka i o slobodnom kretanju takvih podataka te stavljanju izvan snage Direktive 95\/46\/EZ (Op\u0107a uredba o za\u0161titi podataka), (dalje u tekstu: Uredba), te sukladno Zakonu o provedbi Op\u0107e uredbe o za\u0161titi podataka (NN br. 42\/18).<\/p>\n\n\n\n<p>Kao voditelj obrade Vrti\u0107 obra\u0111ujem osobne podatke ispitanika (u\u010denika, odgojitelja, roditelja, poslovnih suradnika, dobavlja\u010da, podnositelja zahtjeva\/upita i drugih osoba) po\u0161tuju\u0107i sve relevantne propise, primjenjuju\u0107i na\u010dela i uvjete obrade osobnih podataka utvr\u0111enih va\u017ee\u0107im propisima te na na\u010din kojim se osigurava odgovaraju\u0107a sigurnost osobnih podataka, uklju\u010duju\u0107i za\u0161titu od neovla\u0161tene ili nezakonite obrade te od slu\u010dajnog gubitka, uni\u0161tenja ili o\u0161te\u0107enja. u skladu s va\u017ee\u0107im pravilima o za\u0161titi osobnih podataka<\/p>\n\n\n\n<p><strong>1. SVRHA I PRAVNI TEMELJI ZA OBRADU OSOBNIH PODATAKA<\/strong><\/p>\n\n\n\n<p>Vrti\u0107u kao voditelju obrade osobnih podataka izrazito je va\u017eno za\u0161tititi sigurnost i privatnost Va\u0161ih osobnih podataka u na\u0161em poslovanju stoga poslujemo u skladu s Uredbom o za\u0161titi osobnih podataka (EU) 2016\/679 (GDPR) i mjerodavnim zakonima o za\u0161titi osobnih podataka. Nadamo se da \u0107e Vam dolje opisana politika pomo\u0107i da razumijete koje podatke Vrti\u0107 mo\u017ee prikupljati, na koji na\u010din koristi i \u010duva te podatke te s kime ih smijemo dijeliti.<\/p>\n\n\n\n<p>Kao Voditelj obrade obra\u0111ujemo va\u0161e osobne podatke koji su nu\u017eni u i to u sljede\u0107e svrhe:<\/p>\n\n\n\n<p><strong>a) Podaci koji se ti\u010du u\u010denika, roditelja i skrbnika djece te zaposlenika Vrti\u0107a<\/strong><\/p>\n\n\n\n<p>U skladu sa Zakonom o odgoju i obrazovanju i podzakonskim propisima, djelatnost pred\u0161kolskog odgoja obavlja se kao javna slu\u017eba.<\/p>\n\n\n\n<p>Na osnovi javnih ovlasti Vrti\u0107 izme\u0111u ostalog obavlja sljede\u0107e poslove:<\/p>\n\n\n\n<p>Upise u Vrti\u0107 i ispise iz Vrti\u0107a vo\u0111enjem odgovaraju\u0107e evidencije i dokumentacije;<\/p>\n\n\n\n<p>Vrednovanje i ocjenjivanje djece u pripremi za \u0161kolu te vo\u0111enje evidencija o vrednovanju i ocjenjivanju, kao i vo\u0111enje evidencija o dje\u010djim postignu\u0107ima u skladu te vo\u0111enje evidencija sukladno zahtjevima Ministarstva znanosti i obrazovanja kao voditelj obrade i osniva\u010da Grada Splita, dok je istovremeno Vrti\u0107 voditelj obrade za osobne podatke kojima sama raspola\u017ee, te pri tom prikuplja, obra\u0111uje, pohranjuje osobne podatke:<\/p>\n\n\n\n<ul class=\"wp-block-list\">\n<li>&nbsp;&nbsp;&nbsp; Zaposlenika Vrti\u0107a,<\/li>\n\n\n\n<li>&nbsp;&nbsp;&nbsp; Djece u Vrti\u0107u i njihovih nositelja roditeljske odgovornosti,<\/li>\n\n\n\n<li>&nbsp;&nbsp;&nbsp; \u010clanova Upravnog vije\u0107a Vrti\u0107a,<\/li>\n\n\n\n<li>&nbsp;&nbsp;&nbsp; Kandidata koji sudjeluju u natje\u010dajnom postupku zapo\u0161ljavanja<\/li>\n\n\n\n<li>&nbsp;&nbsp;&nbsp; Vanjskih suradnika,<\/li>\n<\/ul>\n\n\n\n<p>u skladu s na\u010dinima i rokovima odre\u0111enima Zakonom o odgoju i obrazovanju i podzakonskim propisima, te ih u odre\u0111enim slu\u010dajevima i javno objavljuje na web stranicama Vrti\u0107a.<\/p>\n\n\n\n<p>Osobni podaci na\u0161ih u\u010denika, uklju\u010duju\u0107i i fotografije i audio i video zapise, prikupljeni u sklopu aktivnosti na\u0161e Vrti\u0107a u skladu s programom rada Vrti\u0107a javno se objavljuju na na\u0161im web stranicama i \u0161kolskim stranicama na dru\u0161tvenim mre\u017eama, temeljem prethodno dane privole nositelja roditeljske odgovornosti u smislu \u010dlanka 6. stavka 1. to\u010dke (a) Op\u0107e uredbe o za\u0161titi podataka (GDPR) 2016\/679.<\/p>\n\n\n\n<p><strong>b) Web stranica<\/strong><\/p>\n\n\n\n<p>Iako mo\u017eete koristiti na\u0161u web stranicu bez davanja bilo kakvih osobnih podataka, nakon \u0161to nas kontaktirate putem na\u0161eg kontakt obrasca ili izravno putem na\u0161ih e-mail adresa, Vrti\u0107 prikuplja informacije o vama. Informacije koje ispunite (osobne informacije kao \u0161to su va\u0161e ime i prezime, adresa e-po\u0161te) ili po\u0161aljete izravnom e-mail porukom bit \u0107e obra\u0111ene i pohranjene kako bismo vas mogli kontaktirati i odgovoriti na va\u0161 zahtjev. Vrti\u0107 ne\u0107e dijeliti va\u0161e osobne podatke s bilo kojom tre\u0107om stranom niti \u0107e im dopustiti pristup. Podaci \u0107e biti kori\u0161teni isklju\u010divo u svrhe daljnjeg kontaktiranja i odgovora na va\u0161 upit.<\/p>\n\n\n\n<p>Za kori\u0161tenje pojedinih sadr\u017eaja na\u0161e web stranice morate se registrirati i pri tom nam dati svoje osobne podatke (ime i prezime, telefonski broj, email adresa, zaporka i drugi podaci koji se tra\u017ee prilikom registracije) koje pohranjujemo do trenutka kada zatra\u017eite brisanje svoje registracije.<\/p>\n\n\n\n<p>Ako ste mla\u0111i od 16 godina morate prilo\u017eiti suglasnost nositelja roditeljske odgovornosti prije davanja osobnih podataka. Vrti\u0107 putem vlastite web stranice svjesno ne prikuplja osobne podatke djece mla\u0111e od 16 godina bez odgovaraju\u0107eg pristanka nositelja roditeljske odgovornosti. Ako ste mla\u0111i od 16 godina, molimo da nam ne \u0161aljete nikakve osobne podatke, uklju\u010duju\u0107i svoje ime, adresu, broj telefona ili email adresu e-po\u0161te bez pristanka svojih roditelja ili skrbnika. U svakom slu\u010daju u kojem spoznamo kako smo prikupili ili primili osobne podatke djeteta mla\u0111eg od 16 godina, a bez privole nositelja roditeljske odgovornosti, takve podatke \u0107emo bez odlaganja obrisati. Ukoliko raspola\u017eete informacijom da su do nas do\u0161li podaci djeteta mla\u0111eg od 16 godina, molimo kontaktirajte nas na sv.pavlaapostola@gmail.com.<\/p>\n\n\n\n<p>Na\u0161e web stranice sadr\u017ee veze na druge web stranice i stranice na dru\u0161tvenim mre\u017eama, te se na njih ne odnosi na\u0161a Politika privatnosti. Preporu\u010dujemo da pro\u010ditate uvjete za\u0161tite privatnosti svake web stranice i dru\u0161tvene mre\u017ee koju posjetite, a posebno gdje ostavljate podatke.<\/p>\n\n\n\n<p><strong>2. KORI\u0160TENJE KOLA\u010cI\u0106A (COOKIES)<\/strong><\/p>\n\n\n\n<p>Na slu\u017ebenim internetskim stranicama koriste se tzv. kola\u010di\u0107i (cookies) &#8211; tekstualne datoteke koje na ra\u010dunalo korisnika smje\u0161ta internetski poslu\u017eitelj (server), putem kojeg davatelj usluge pristupa Internetu (ISP) prikazuje web stranicu.<\/p>\n\n\n\n<p>Kola\u010di\u0107i nastaju kada preglednik na ure\u0111aju korisnika u\u010dita posje\u0107eno mre\u017eno odredi\u0161te, koje potom \u0161alje podatke pregledniku te izra\u0111uje tekstualnu datoteku (kola\u010di\u0107). Preglednik dohva\u0107a i \u0161alje kola\u010di\u0107 na poslu\u017eitelj internetske stranice prilikom povratka korisnika na njega.<\/p>\n\n\n\n<p>Na predmetnoj stranici koriste se tehni\u010dki kola\u010di\u0107i koji su nu\u017eni za funkcioniranje Internet mjesta i funkcionalni koji omogu\u0107avaju Internet mjestu pru\u017eanje pobolj\u0161ane funkcionalnosti i personalizaciju.<\/p>\n\n\n\n<p><strong>3. KOJA SU VA\u0160A PRAVA U VEZI OBRADE OSOBNIH PODATAKA<\/strong><\/p>\n\n\n\n<p>Za ostvarivanje svojih prava mo\u017eete nam se obratiti pisanim putem ili putem elektroni\u010dke po\u0161te koriste\u0107i &nbsp;kontakt podatke slu\u017ebenika za za\u0161titu podataka objavljenim na web stranici https:\/\/cvit-mediterana.hr\/<\/p>\n\n\n\n<p>Va\u0161a prava su:<\/p>\n\n\n\n<p>3.1. Pravo na pristup osobnim podacima<\/p>\n\n\n\n<p>Imate pravo na pristup svojim osobnim podacima koje obra\u0111ujemo o Vama i mo\u017eete zatra\u017eiti detaljne informacije osobito o njihovoj svrsi obrade, o vrsti\/kategorijama osobnih podataka koji se obra\u0111uju uklju\u010duju\u0107i i uvid u svoje osobne podatke, o primateljima ili kategorijama primatelja te o predvi\u0111enom razdoblju u kojem \u0107e osobni podaci biti pohranjeni. Pristup osobnim podacima mo\u017ee biti ograni\u010den samo u slu\u010dajevima propisanim pravom Unije ili na\u0161im nacionalnim zakonodavstvom odnosno kada se takvim ograni\u010denjem po\u0161tuje bit temeljnih prava i sloboda drugih.<\/p>\n\n\n\n<p>3.2. Pravo na ispravak osobnih podataka<\/p>\n\n\n\n<p>Imate pravo zatra\u017eiti ispravljanje ili dopunjavanje osobnih podataka ako Va\u0161i podaci&nbsp; nisu to\u010dni, potpuni i a\u017eurni. Da biste to u\u010dinili, po\u0161aljite svoj zahtjev nama kao voditelju obrade pisanim putem, uklju\u010duju\u0107i i elektroni\u010dki oblik komunikacije.<\/p>\n\n\n\n<p>Napominjemo kako je u zahtjevu potrebno specificirati \u0161to konkretno nije to\u010dno, potpuno ili a\u017eurno i u kojem smislu bi navedeno trebalo ispraviti te dostaviti potrebnu dokumentaciju u prilog svojih navoda.<\/p>\n\n\n\n<p>3.3. Pravo na brisanje<\/p>\n\n\n\n<p>Imate pravo tra\u017eiti brisanje osobnih podataka koje se na Vas odnose ako je ispunjen jedan od sljede\u0107ih uvjeta:<\/p>\n\n\n\n<ul class=\"wp-block-list\">\n<li>Va\u0161i osobni podaci vi\u0161e nisu nu\u017eni u odnosu na svrhu u koje smo ih prikupili ili obradili;<\/li>\n<\/ul>\n\n\n\n<ul class=\"wp-block-list\">\n<li>povukli ste privolu na kojoj se obrada temelji u skladu s \u010dlankom 6. stavkom&nbsp; 1. to\u010dkom (a) ili \u010dlankom 9. stavkom 2. to\u010dkom (a) i ako ne postoji druga pravna osnova za obradu;<\/li>\n<\/ul>\n\n\n\n<ul class=\"wp-block-list\">\n<li>ulo\u017eili ste prigovor na obradu svojih osobnih podataka u skladu sa \u010dlankom 21. stavkom 1. Op\u0107e uredbe o za\u0161titi podataka te ako ne postoje na\u0161i ja\u010di legitimni&nbsp; razlozi za obradu;<\/li>\n<\/ul>\n\n\n\n<ul class=\"wp-block-list\">\n<li>osobni podaci nezakonito su obra\u0111eni;<\/li>\n<\/ul>\n\n\n\n<ul class=\"wp-block-list\">\n<li>osobni podaci moraju se brisati radi po\u0161tivanja pravne obveze iz prava Unije ili prava&nbsp; dr\u017eave kojoj podlije\u017ee&nbsp; voditelj obrade<\/li>\n<\/ul>\n\n\n\n<ul class=\"wp-block-list\">\n<li>osobni podaci prikupljeni su u vezi s ponudom usluga informacijskog dru\u0161tva iz \u010dlanka 8. stavka 1.<\/li>\n<\/ul>\n\n\n\n<p>3.3.1. Iznimke vezane uz ostvarivanje navedenog prava predvi\u0111ene su \u010dlankom 17. stavkom 3. Op\u0107e uredbe<\/p>\n\n\n\n<p>Navedena prava nisu primjenjiva u mjeri u kojoj je obrada nu\u017ena:<\/p>\n\n\n\n<ul class=\"wp-block-list\">\n<li>radi ostvarivanja prava na slobodu izra\u017eavanja i informiranja;<\/li>\n<\/ul>\n\n\n\n<ul class=\"wp-block-list\">\n<li>radi po\u0161tovanja pravne obveze kojom se zahtijeva obrada u pravu Unije ili pravu dr\u017eave \u010dlanice kojem podlije\u017ee voditelj obrade ili za izvr\u0161avanje zada\u0107e od javnog interesa ili pri izvr\u0161avanju slu\u017ebene ovlasti voditelja obrade;<\/li>\n<\/ul>\n\n\n\n<ul class=\"wp-block-list\">\n<li>u svrhe arhiviranja u javnom interesu, u svrhe znanstvenog ili povijesnog istra\u017eivanja ili u statisti\u010dke svrhe u skladu s \u010dlankom 89. stavkom 1. u mjeri u kojoj je vjerojatno da se pravom iz stavka 1. mo\u017ee onemogu\u0107iti ili ozbiljno ugroziti postizanje ciljeva te obrade; ili<\/li>\n<\/ul>\n\n\n\n<ul class=\"wp-block-list\">\n<li>radi postavljanja, ostvarivanja ili obrane pravnih zahtjeva.<\/li>\n<\/ul>\n\n\n\n<p>3.4.&nbsp; Pravo na ograni\u010davanje obrade osobnih podataka<\/p>\n\n\n\n<p>Imate pravo ishoditi ograni\u010denje obrade ako:<\/p>\n\n\n\n<ul class=\"wp-block-list\">\n<li>osporavate&nbsp; njihovu to\u010dnost<\/li>\n<\/ul>\n\n\n\n<ul class=\"wp-block-list\">\n<li>ako je obrada nezakonita, a protivite se njihovom brisanju<\/li>\n<\/ul>\n\n\n\n<ul class=\"wp-block-list\">\n<li>ako voditelj obrade vi\u0161e ne treba osobne podatke ali ste ih zatra\u017eili radi postavljanja, ostvarivanja ili obrane pravnih zahtjeva<\/li>\n<\/ul>\n\n\n\n<ul class=\"wp-block-list\">\n<li>ako ste ulo\u017eili prigovor na obradu Va\u0161ih osobnih podataka.<\/li>\n<\/ul>\n\n\n\n<p>3.5. Pravo na prigovor<\/p>\n\n\n\n<p>Ako se prilikom obrade Va\u0161ih podataka pozivamo na na\u0161e legitimne interese, mo\u017eete podnijeti prigovor protiv takve obrade.<\/p>\n\n\n\n<p><strong>4.DAVANJE NA KORI\u0160TENJE OSOBNIH PODATAKA<\/strong><\/p>\n\n\n\n<p>Pristup va\u0161im osobnim podacima pru\u017eamo ovla\u0161tenim vanjskim izvr\u0161iteljima obrade u svrhu obrade osobnih podataka u ime Vrti\u0107a na temelju na\u0161ih izri\u010ditih uputa i putem sklopljenih ugovora koji osiguravaju visoku razinu za\u0161tite osobnih podataka. Ti su poslovni suradnici obvezni strogo po\u0161tivati obvezu povjerljivosti u skladu s ovom Politikom, s ugovorima koje smo s njima sklopili i u skladu s obvezama iz Op\u0107e uredbe o za\u0161titi podataka. U okviru svog djelovanja Vrti\u0107 koristi usluge tvrtki u svojstvu izvr\u0161itelja obrada koji obra\u0111uju osobne podatke zaposlenika, u\u010denika, nositelja roditeljske odgovornosti, gostiju i posjetitelja za svrhe ispunjenja zakonskih obveza iz podru\u010dja odgoja i obrazovanja, IT podr\u0161ke, odr\u017eavanja sustava video-nadzora te sigurne pohrane i obrade dokumentacije, kao i u svrhu provo\u0111enja aktivnosti u skladu s programom rada Vrti\u0107a.<\/p>\n\n\n\n<p>Dio podataka razmjenjujemo i ustupamo temeljem zakonskih obveza tijelima javne vlasti poput Ministarstva znanosti i obrazovanja, Hrvatskog zavoda za zapo\u0161ljavanje, CARNeta, Sveu\u010dili\u0161nog ra\u010dunskog centra (SRCE) i sli\u010dno.<\/p>\n\n\n\n<p>Davanje pristupa podacima drugim pravnim ili fizi\u010dkim osobama uvijek je ograni\u010deno na mjeru nu\u017enu za postizanje svrhe za koju su podaci prikupljeni te se provodi sukladno va\u017ee\u0107oj regulativi. Istovremeno vam jam\u010dimo da u sklopu na\u0161ih obrada osobnih podataka ne dolazi do njihovog prijenosa u tre\u0107e zemlje izvan podru\u010dja Europske unije.<\/p>\n\n\n\n<p><strong>5. SIGURNOST OSOBNIH PODATAKA<\/strong><\/p>\n\n\n\n<p>Prikupljamo i obra\u0111ujemo osobne podatke na na\u010din kojim se osigurava odgovaraju\u0107a sigurnost i povjerljivost u njihovoj obradi&nbsp; te omogu\u0107avanje u\u010dinkovite primjene na\u010dela za\u0161tite podataka, smanjenje koli\u010dine podataka, opseg njihove obrade, razdoblje pohrane i njihovu dostupnost.<\/p>\n\n\n\n<p>Poduzimamo sve odgovaraju\u0107e tehni\u010dke i organizacijske mjere za\u0161tite kako bi sprije\u010dili slu\u010dajno ili nezakonito uni\u0161tavanje, gubitak, izmjene, neovla\u0161teno kori\u0161tenje, otkrivanje uvid ili pristup podatcima.<\/p>\n\n\n\n<p>Svi zaposlenici voditelja obrade obvezuju se na \u010duvanje osobnih podataka potpisivanjem izjave o povjerljivosti.<\/p>\n\n\n\n<p><strong>6. VREMENSKO RAZDOBLJE \u010cUVANJA OSOBNIH PODATAKA<\/strong><\/p>\n\n\n\n<p>Va\u0161e osobne podatke obra\u0111ujemo dok se ne ispuni svrha obrade osobnih podataka. Nakon prestanka svrhe u koju su prikupljeni, Va\u0161e osobne&nbsp; podatke vi\u0161e ne koristimo,&nbsp; te isti ostaju u na\u0161em sustavu pohrane i \u010duvamo ih koliko nas obvezuju zakonski propisi o \u010duvanju arhivskog gradiva.<\/p>\n\n\n\n<p><strong>7. PODACI O SLU\u017dBENIKU ZA ZA\u0160TITU PODATAKA<\/strong><strong> &#8211; KONTAKT INFORMACIJE<\/strong><\/p>\n\n\n\n<p>Radi ostvarivanja svojih prava mo\u017eete se mo\u017ee obratiti imenovanom slu\u017ebeniku za za\u0161titu osobnih podataka slanjem pisane obavijesti odnosno zahtjeva slu\u017ebeniku za za\u0161titu osobnih podataka elektroni\u010dkom po\u0161tom na e-mail adresu sv.pavlaapostola@gmail.com ili po\u0161tom na adresu: Dje\u010dji vrti\u0107 Svetog Pavla apostola, Pujanke 14, Split.<\/p>\n\n\n\n<p><strong>8. PRAVO NA PODNO\u0160ENJE PRIGOVORA NADLE\u017dNOM TIJELU<\/strong><\/p>\n\n\n\n<p>U svakom trenutku mo\u017eete ulo\u017eiti prigovor izravno nadle\u017enom nadzornom tijelu, posebice u zemlji EU-a u kojoj imate uobi\u010dajeno boravi\u0161te, mjesto rada ili mjesto navodnog kr\u0161enja, ako smatrate da na\u0161a obrada va\u0161ih osobnih podataka nije zakonita.<\/p>\n\n\n\n<p>Izravni kontakti nadle\u017enog nadzornog tijela u Republici Hrvatskoj su:<\/p>\n\n\n\n<p>AGENCIJA ZA ZA\u0160TITU OSOBNIH PODATAKA (AZOP)<\/p>\n\n\n\n<p>Agencija za za\u0161titu osobnih podataka<\/p>\n\n\n\n<p>Selska cesta 136<\/p>\n\n\n\n<p>HR \u2013 10 000 Zagreb<\/p>\n\n\n\n<p>e-mail: azop@azop.hr<\/p>\n\n\n\n<p>Tel. 00385 (0)1 4609-000<\/p>\n\n\n\n<p>Fax. 00385 (0)1 4609-099<\/p>\n\n\n\n<p>Web: http:\/\/www.azop.hr<\/p>\n\n\n\n<p><strong>&nbsp;9. PROMJENE POLITIKE PRIVATNOSTI<\/strong><\/p>\n\n\n\n<p>Politiku privatnosti redovito a\u017euriramo kako bi ista bila to\u010dna i a\u017eurna te zadr\u017eavamo pravo promjene sadr\u017eaja iste ako smatramo da je to nu\u017eno. O svim izmjenama i dopunama&nbsp; biti \u0107ete pravovremeno informirani putem na\u0161e internetske stranice u skladu s na\u010delom transparentnosti.<\/p>\n\n\n\n<p><strong>10. PITANJA I KOMENTARI<\/strong><\/p>\n\n\n\n<p>Voditelj obrade \u0107e odgovoriti na sve zahtjeve ispitanika sukladno Op\u0107oj uredbi o za\u0161titi podataka 2016\/679 (GDPR). Ako imate bilo kakvih pitanja ili komentara o politici za\u0161tite podataka te kako bismo odgovorili na sve Va\u0161e upite u svezi obrade Va\u0161ih osobnih podataka molimo Vas da nas kontaktirate pisanim putem na e-mail adresu imenovanog slu\u017ebenika za za\u0161titu podataka <a href=\"mailto:sv.pavlaapostola@gmail.com\">sv.pavlaapostola@gmail.com<\/a>.<\/p>\n","protected":false},"excerpt":{"rendered":"<p>Politka privatnosti dje\u010djeg vrti\u0107a Svetog Pavla apostola Ovom Politikom za\u0161tite osobnih podataka Dje\u010djeg vrti\u0107a Svetog Pavla apostola, Pujanke 14, Split, OIB: 47638288363, kao voditelja obrade osobnih podataka utvr\u0111uju se uvjeti i na\u010dini prikupljanja i obrade osobnih podataka sukladno Op\u0107oj uredbi (EU) 2016\/679 Europskog parlamenta i Vije\u0107a od 27. travnja 2016. godine o za\u0161titi pojedinca u [&hellip;]<\/p>\n","protected":false},"author":1,"featured_media":0,"parent":0,"menu_order":0,"comment_status":"closed","ping_status":"open","template":"","meta":{"_breakdance_hide_in_design_set":false,"_breakdance_tags":"","footnotes":""},"class_list":["post-3","page","type-page","status-publish","hentry"],"_links":{"self":[{"href":"https:\/\/djecjivrticsvetogpavlaapostola.hr\/index.php?rest_route=\/wp\/v2\/pages\/3","targetHints":{"allow":["GET"]}}],"collection":[{"href":"https:\/\/djecjivrticsvetogpavlaapostola.hr\/index.php?rest_route=\/wp\/v2\/pages"}],"about":[{"href":"https:\/\/djecjivrticsvetogpavlaapostola.hr\/index.php?rest_route=\/wp\/v2\/types\/page"}],"author":[{"embeddable":true,"href":"https:\/\/djecjivrticsvetogpavlaapostola.hr\/index.php?rest_route=\/wp\/v2\/users\/1"}],"replies":[{"embeddable":true,"href":"https:\/\/djecjivrticsvetogpavlaapostola.hr\/index.php?rest_route=%2Fwp%2Fv2%2Fcomments&post=3"}],"version-history":[{"count":3,"href":"https:\/\/djecjivrticsvetogpavlaapostola.hr\/index.php?rest_route=\/wp\/v2\/pages\/3\/revisions"}],"predecessor-version":[{"id":116,"href":"https:\/\/djecjivrticsvetogpavlaapostola.hr\/index.php?rest_route=\/wp\/v2\/pages\/3\/revisions\/116"}],"wp:attachment":[{"href":"https:\/\/djecjivrticsvetogpavlaapostola.hr\/index.php?rest_route=%2Fwp%2Fv2%2Fmedia&parent=3"}],"curies":[{"name":"wp","href":"https:\/\/api.w.org\/{rel}","templated":true}]}}