{"id":120,"date":"2023-09-12T13:55:03","date_gmt":"2023-09-12T13:55:03","guid":{"rendered":"https:\/\/djecjivrticsvetogpavlaapostola.hr\/?page_id=120"},"modified":"2023-09-12T14:03:41","modified_gmt":"2023-09-12T14:03:41","slug":"kutak-za-roditelje","status":"publish","type":"page","link":"https:\/\/djecjivrticsvetogpavlaapostola.hr\/?page_id=120","title":{"rendered":"Kutak za roditelje"},"content":{"rendered":"\n<h1 class=\"wp-block-heading\">Kutak za roditelje<\/h1>\n\n\n\n<p>Dragi roditelji i ostali gosti stranice, u pedago\u0161kom kutku \u010dekaju vas stru\u010dni \u010dlanci, savjeti, pri\u010de, poticajni citati koje za vas pi\u0161e i prikuplja pedagoginja Antonia Radeljak.<\/p>\n\n\n\n<h2 class=\"wp-block-heading\">Pedago\u0161ki kutak<\/h2>\n\n\n\n<h3 class=\"wp-block-heading\"><em>Pri\u010de za du\u0161u<\/em><\/h3>\n\n\n\n<p>U na\u0161em vrti\u0107u vjerujemo u mo\u0107 i snagu terapeutskih pri\u010dica, va\u017enost \u010ditanja djeci, vjerujemo u ljepotu knjiga usprkos stolje\u0107u tehnologije kao i u \u010dinjenicu da nitko ne razvija vje\u0161tine \u010ditanja i pisanja u djece i mladih kao dobra knjiga\u2026Vjerujemo da knjiga uljep\u0161ava te\u017eak dan, vodi nas u svijet otkrivanja novih stvari, pru\u017ea utjehu, donosi osmijeh i razvija znati\u017eelju i motivaciju za daljnje napredovanje.<\/p>\n\n\n\n<p>U\u017eivajte u pri\u010dama koje smo odabrali za vas:<\/p>\n\n\n\n<div class=\"wp-block-group\"><div class=\"wp-block-group__inner-container is-layout-constrained wp-block-group-is-layout-constrained\">\n<p><\/p>\n\n\n\n<blockquote class=\"wp-block-quote is-layout-flow wp-block-quote-is-layout-flow\">\n<p><em>Dijete koje do\u017eivljava neprijateljsko pona\u0161anje, u\u010di se sva\u0111ati.<\/em><br><em>Dijete koje do\u017eivljava kritiku, u\u010di se osu\u0111ivati druge.<br>Ako se neko dijete ismijava, ono se u\u010di da bude povu\u010deno.<br>Dijete koje nema bra\u0107u i sestre, ne zna \u0161ta je bratska i sestrinska ljubav.<br>Ako se dijete ohrabruje, ono se u\u010di samopouzdanju i sigurnosti.<br>Dijete koje do\u017eivljava po\u0161tenje, u\u010di se biti pravedno.<br>Ako dijete do\u017eivljava odobravanje, ono se u\u010di biti zadovoljno sa sobom.<br>Dijete koje do\u017eivljava da se roditelji vole, u\u010de da je obitelj zajednica ljubavi.<br>Dijete koje do\u017eivljava ravnodu\u0161nost, u\u010di se biti usamljeno.<br>Dijete kome se \u010desto prigovara, ne mo\u017ee primijetiti da ga okolina voli.<br>Dijete koje do\u017eivljava sramotu, u\u010di se stidjeti samoga sebe.<br>Dijete koje do\u017eivljava toleranciju, u\u010di se da bude strpljivo.<br>Ako dijete do\u017eivljava pohvalu, ono u\u010di primje\u0107ivati i cijeniti dobro.<br>Ako dijete \u017eivi sa sigurno\u0161\u0107u, ono se u\u010di povjerenju.<br>Dijete sa kojim se razgovara, u\u010di se da samo razmi\u0161lja.<br>Ako dijete \u017eivi sa prihva\u0107anjem i zadovoljstvom, ono u\u010di pronalaziti ljubav u cijelom svijetu.<\/em><\/p>\n<\/blockquote>\n\n\n\n<div style=\"height:50px\" aria-hidden=\"true\" class=\"wp-block-spacer\"><\/div>\n\n\n\n<h3 class=\"wp-block-heading\">Abraham Lincoln<\/h3>\n\n\n\n<p>12. 02.1809. &#8211; 15. 04.1865.<br>Ameri\u010dki predsjednik i politi\u010dar<\/p>\n\n\n\n<p>Danas moj mali sin kre\u0107e u \u0161kolu \u2013 i sve \u0107e mu ondje neko vrijeme biti strano i novo i zato bih molio da budete nje\u017eni prema njemu. On kre\u0107e u pustolovinu koja ga mo\u017ee odvesti preko kontinenata u avanturu koju \u0107e vjerojatno pratiti ratovi, tragedija, patnja. Takav \u0107e \u017eivot zahtijevati vjeru, ljubav i hrabrost. Stoga, dragi u\u010ditelju, molim vas uhvatite ga za ruku i nau\u010dite ga onome \u0161to mora znati. Nau\u010dite ga, ali blago, ako mo\u017eete.<br>Nau\u010dite ga da na svakog neprijatelja dolazi i jedan prijatelj. Morat \u0107e nau\u010diti da svi ljudi nisu pravedni, ni iskreni. Ali nau\u010dite ga tako\u0111er da na svakog podlaca dolazi jedan heroj, na svakog pokvarenog politi\u010dara jedan predani vo\u0111a.<\/p>\n<\/div><\/div>\n\n\n\n<p>Nau\u010dite ga da deset zara\u0111enih centi vrijedi mnogo vi\u0161e nego jedan na\u0111eni dolar, da je u \u0161koli mnogo \u010dasnije grije\u0161iti nego varati. Nau\u010dite ga kako dostojanstveno gubiti i kako u\u017eivati u pobjedi kada dobiva. Nau\u010dite ga da bude obazriv s obazrivima, a nedopustiv s grubima. Nau\u010dite ga odmah da je najlak\u0161e nadvladati nasilnike.<\/p>\n\n\n\n<p>Odvratite ga od zavisti ako mo\u017eete, i nau\u010dite ga tajni spokojnog osmijeha. Nau\u010dite ga, ako mo\u017eete, kako se nasmijati kada si tu\u017ean; nau\u010dite ga da suze nisu sramota; nau\u010dite ga da slava mo\u017ee biti i u porazu, a o\u010daj u uspjehu. Nau\u010dite ga da se ne obazire na cinike.<\/p>\n\n\n\n<p>Nau\u010dite ga ako mo\u017eete \u010dudesnosti knjiga, ali dajte mu tako\u0111er vremena da duboko razmi\u0161lja o vje\u010dnoj zagonetki ptica na nebu, p\u010dela na suncu i cvije\u0107a na zelenom bre\u017euljku. Nau\u010dite ga da vjeruje u vlastite ideje, \u010dak i ako mu svi ka\u017eu da su one pogre\u0161ne. Poku\u0161ajte ome sinu dati snagu da ne slijedi gomilu kada svi to \u010dine. Nau\u010dite ga da svakoga slu\u0161a, ali nau\u010dite ga tako\u0111er da probere sve \u0161to \u010duje i zadr\u017ei samo ono dobro \u0161to pro\u0111e kroz sito istine.<\/p>\n\n\n\n<p>Nau\u010dite ga da proda svoje talente i mozak najboljim ponu\u0111a\u010dima, ali da nikada ne izvjesi cijenu na svoje srce i du\u0161u. Neka ima hrabrosti biti nestrpljiv, neka ima strpljena biti hrabar. Nau\u010dite ga da uvijek ima uzvi\u0161enu vjeru u sebe, jer tada \u0107e uvijek imati uzvi\u0161enu vjeru u \u010dovje\u010danstvo i Boga.<\/p>\n\n\n\n<p>Ovo je veliki nalog, ali pogledajte \u0161to mo\u017eete u\u010diniti. On je tako drag mali dje\u010dak, i on je moj sin.<\/p>\n\n\n\n<div style=\"height:50px\" aria-hidden=\"true\" class=\"wp-block-spacer\"><\/div>\n\n\n\n<h3 class=\"wp-block-heading\">Sini\u0161a Glava\u0161evi\u0107<\/h3>\n\n\n\n<p>Najljep\u0161e je imati djecu, jer djeca su budu\u0107nost, ona su nada u bolje sutra, vjera da \u0107e ono \u0161to slijedi za\u0161tititi starost. Kad \u010dovjek ima djecu, onda je sve bolje, jer kada vas svi napuste, opet vam ostaju va\u0161a djeca. Sve to pak pove\u0107ava va\u0161u odgovornost jer, ako \u017eelite bolju budu\u0107nost, onda morate svim silama nastojati da tome i sami pridonesete. Nau\u010diti djecu da se smiju, da misle lijepo, da ih upozorite da njihova htijenja ne budu ve\u0107a od nebeskog svoda, da njihove ruke ne prljaju ni\u010dija djetinjstva, i ni\u010dije \u017eelje, morate ih jednostavno nau\u010diti da ljube. Jer tko ljubiti zna, toga ljube. Ljube njegova nastojanja, toplinu njegove dobre ruke, njegove poglede. Oni drugi, oni \u010dije su misli crnje od najcrnje no\u0107i, oni \u010diji se obrazi ne \u017eare ljube\u0107i i \u010dija se rije\u010d kida na pau\u010dinaste niti kada krenu u neuhvat, oni drugi mogu istezati svoje vratove iznad povr\u0161ine \u017eivotnog tijeka, mogu se vje\u0161ati o ramena hrabrih pliva\u010da, ali ih struja ipak vu\u010de dalje od obale, i dublje u mrak. Ti kojima no\u0107 ne slu\u017ei za zagrljaje, ti kojima mjese\u010dina ne zatvara no\u0107i i koji truju ljepotu svojom nazo\u010dno\u0161\u0107u, tonu i prije nego \u0161to zaplivaju. Ako imate djecu, pogledajte ponekad u plavi satenski svod pa ako me\u0111u zvjezdastim krijesnicama spazite makar jednu kojoj biste \u017eeljeli biti bli\u017ee, sjetite se djece, jer \u010dak ako vi u tome i ne uspijete, umjesto vas sve \u0107e to u\u010diniti va\u0161a djeca.<br>Odgovorite na sva njihova pitanja, na\u0111ite vremena za njih pa makar poslije morali \u010ditati i stare novine, poljubite njihove dobre djetinje snove, u\u010dinite da njihove \u010dudesno blistave o\u010di vide samo dobra svitanja, vedre dane i velike zvijezde. Ne dopustite da njihovu ma\u0161tu satre zlo. Ne dajte da va\u0161e dijete odraste ako je njegova radost ve\u0107a u uzimanju negoli u davanju. Zaustavite svijet, zaustavite vrijeme ako ne stignete dati djeci sve \u0161to im treba da odrastu u \u010distoj ljepoti, jer za ono \u0161to se sada doga\u0111a, nisu kriva djeca.<br>Kad \u010dovjek bolje razmisli, djeca su jo\u0161 jedino dobro koje je \u010dovje\u010danstvu ostalo. Sve drugo uni\u0161teno je u nastojanju da sitni ljudski stvor bude ve\u0107i od misli, od rije\u010di \u2013 od Boga.<\/p>\n\n\n\n<div style=\"height:100px\" aria-hidden=\"true\" class=\"wp-block-spacer\"><\/div>\n\n\n\n<h2 class=\"wp-block-heading\">Zdravstveni kutak<\/h2>\n\n\n\n<p>Mijenjanje prehrambenih navika u djece i osvje\u0161tavanje va\u017enosti izbora nutricionisti\u010dki vrijednih namirnica je dugotrajan proces koji zahtijeva kontinuirano kvalitetne uvjete kako bi ih dijete prihvatilo i usvojilo. Suradnja vrti\u0107a i obitelji odvija se uklju\u010divanjem i edukacijom roditelja kroz razli\u010dite oblike rada u vrti\u0107u.<\/p>\n\n\n\n<p>Kvalitetna prehrana i tjelesne aktivnosti \u010dine va\u017ean dio djetetovog razvoja. Na\u0161e jelovnike sastavlja Jasmina Tadin, zdravstvena voditeljica s dugogodi\u0161njim iskustvom rada u pred\u0161kolskim ustanovama.<\/p>\n\n\n\n<p>Ovdje mo\u017eete pro\u010ditati jelovnike koje izra\u0111uje i mjere zdravstvene za\u0161tite djece koje provodi u vrti\u0107u.<\/p>\n\n\n\n<p><strong>Mjere zdravstvene za\u0161tite djece pred\u0161kolske dobi obuhva\u0107aju potrebne preduvjete za osiguravanje pravilnog rasta i razvoja pred\u0161kolske djece u dje\u010djem vrti\u0107u<\/strong>:<\/p>\n\n\n\n<ul class=\"wp-block-list\">\n<li>kontinuirano pra\u0107enje rasta i razvoja djece i stanja uhranjenosti,<\/li>\n\n\n\n<li>poduzimanje preventivnih mjera za smanjenje zaraznih bolesti i<\/li>\n\n\n\n<li>prevencije ozljeda,<\/li>\n\n\n\n<li>provo\u0111enje organizacijskih oblika rada iz tjelesnog i zdravstvenoga odgojno obrazovnog podru\u010dja (program kretanja),<\/li>\n\n\n\n<li>predavanja i radionice zdravstvene voditeljice (prevencija, prehrana, CAP program).<\/li>\n<\/ul>\n\n\n\n<p>Za kvalitetan dje\u010dji razvoj od neizmjerne va\u017enosti su ispravna prehrana i tjelesno kretanje. Djeca danas \u017eive u vremenu kad im je slatka i masna hrana svakodnevno nadohvat ruke, niz fizi\u010dkih aktivnosti i igri na svje\u017eem zraku ugro\u017eene su sjedenjem uz tehnologiju.<\/p>\n\n\n\n<p>U na\u0161em vrti\u0107u kuharice Ana i Smilja nastoje svakodnevno djeci donijeti tanjur uravnote\u017eene i raznolike hrane.<\/p>\n\n\n\n<p>Koristimo \u0161to \u010de\u0161\u0107e sportsku dvoranu i boravak na svje\u017eem zraku u skladu sa \u017eeljama i motori\u010dkim sposobnostima djece.<\/p>\n","protected":false},"excerpt":{"rendered":"<p>Kutak za roditelje Dragi roditelji i ostali gosti stranice, u pedago\u0161kom kutku \u010dekaju vas stru\u010dni \u010dlanci, savjeti, pri\u010de, poticajni citati koje za vas pi\u0161e i prikuplja pedagoginja Antonia Radeljak. Pedago\u0161ki kutak Pri\u010de za du\u0161u U na\u0161em vrti\u0107u vjerujemo u mo\u0107 i snagu terapeutskih pri\u010dica, va\u017enost \u010ditanja djeci, vjerujemo u ljepotu knjiga usprkos stolje\u0107u tehnologije kao [&hellip;]<\/p>\n","protected":false},"author":1,"featured_media":0,"parent":0,"menu_order":0,"comment_status":"closed","ping_status":"closed","template":"","meta":{"_breakdance_hide_in_design_set":false,"_breakdance_tags":"","footnotes":""},"class_list":["post-120","page","type-page","status-publish","hentry"],"_links":{"self":[{"href":"https:\/\/djecjivrticsvetogpavlaapostola.hr\/index.php?rest_route=\/wp\/v2\/pages\/120","targetHints":{"allow":["GET"]}}],"collection":[{"href":"https:\/\/djecjivrticsvetogpavlaapostola.hr\/index.php?rest_route=\/wp\/v2\/pages"}],"about":[{"href":"https:\/\/djecjivrticsvetogpavlaapostola.hr\/index.php?rest_route=\/wp\/v2\/types\/page"}],"author":[{"embeddable":true,"href":"https:\/\/djecjivrticsvetogpavlaapostola.hr\/index.php?rest_route=\/wp\/v2\/users\/1"}],"replies":[{"embeddable":true,"href":"https:\/\/djecjivrticsvetogpavlaapostola.hr\/index.php?rest_route=%2Fwp%2Fv2%2Fcomments&post=120"}],"version-history":[{"count":7,"href":"https:\/\/djecjivrticsvetogpavlaapostola.hr\/index.php?rest_route=\/wp\/v2\/pages\/120\/revisions"}],"predecessor-version":[{"id":127,"href":"https:\/\/djecjivrticsvetogpavlaapostola.hr\/index.php?rest_route=\/wp\/v2\/pages\/120\/revisions\/127"}],"wp:attachment":[{"href":"https:\/\/djecjivrticsvetogpavlaapostola.hr\/index.php?rest_route=%2Fwp%2Fv2%2Fmedia&parent=120"}],"curies":[{"name":"wp","href":"https:\/\/api.w.org\/{rel}","templated":true}]}}