{"id":104,"date":"2023-09-12T13:47:45","date_gmt":"2023-09-12T13:47:45","guid":{"rendered":"https:\/\/djecjivrticsvetogpavlaapostola.hr\/?page_id=104"},"modified":"2023-09-12T13:49:47","modified_gmt":"2023-09-12T13:49:47","slug":"program-vrtica","status":"publish","type":"page","link":"https:\/\/djecjivrticsvetogpavlaapostola.hr\/?page_id=104","title":{"rendered":"Program vrti\u0107a"},"content":{"rendered":"\n<h1 class=\"wp-block-heading\">Program vrti\u0107a<\/h1>\n\n\n\n<h5 class=\"wp-block-heading\"><em><strong>U planiranju rada dje\u010djeg vrti\u0107a Sv.Pavla apostola polazi\u0161te nam je dijete i njegove razvojne potrebe i\u00a0interesi<\/strong><\/em>.<\/h5>\n\n\n\n<h4 class=\"wp-block-heading\">Dje\u010dji vrti\u0107 provodi sljede\u0107e programe:<\/h4>\n\n\n\n<ul class=\"wp-block-list\">\n<li>Vjerski program<\/li>\n\n\n\n<li>Redoviti program<\/li>\n\n\n\n<li>Drugi programi verificirani od strance MZO\u0160<\/li>\n<\/ul>\n\n\n\n<h3 class=\"wp-block-heading\">Program vjerskog odgoja<\/h3>\n\n\n\n<p>Aktivnosti vjerskog programa ostvaruju se kroz pisanu rije\u010d, glazbu, likovno i scensko izra\u017eavanje, prakti\u010dne, istra\u017eivala\u010dke i spoznajne djelatnosti, raznovrsne igre, stvaranje i pokret.<\/p>\n\n\n\n<p>Cilj programa je razvoj odgajati duhovne dimenzije djeteta i osposobljavanje za autenti\u010dne ljudske vrednote koje su utemeljene na Evan\u0111elju.<\/p>\n\n\n\n<h3 class=\"wp-block-heading\">Redoviti cjelodnevni program<\/h3>\n\n\n\n<p>Zada\u0107e odgojno -obrazovnog rada temelje se na Programskom usmjerenju pred\u0161kolskog odgoja.<\/p>\n\n\n\n<p>Za ostvarivanje zada\u0107a va\u017eno je osigurati:<\/p>\n\n\n\n<ul class=\"wp-block-list\">\n<li>ugodno ozra\u010dje u kojem \u0107e se dijete osje\u0107ati sigurno i za\u0161ti\u0107eno,<\/li>\n\n\n\n<li>poticajnu sredinu u kojoj \u0107e mo\u0107i slobodno razvijati svoje sposobnosti,<\/li>\n\n\n\n<li>tolerantno okru\u017eje u kojem \u0107e ostvarivati svoja prava i zadovoljiti svoje potrebe.<\/li>\n<\/ul>\n\n\n\n<h3 class=\"wp-block-heading\">Program pred\u0161kole<\/h3>\n\n\n\n<p>Program pred\u0161kole namijenjen je djeci u godini prije polaska u \u0161kolu koja ne ostvaruju druge programe pred\u0161kolskog odgoja.<\/p>\n\n\n\n<p>Program pred\u0161kole zami\u0161ljen je na na\u010din da dijete u poticajnom i bogatom okru\u017eenju, kroz slobodu izbora sadr\u017eaja i kretanja ostvari sve svoje potencijale, sposobnosti i kompetencije koje \u0107e mu pomo\u0107i da se lak\u0161e uklju\u010di u sustav obrazovanja i prilagodi na nove uvjete \u017eivota, rasta i razvoja u \u0161kolskom okru\u017eenju.<\/p>\n\n\n\n<h3 class=\"wp-block-heading\">CAP program-Child Assault Prevention<\/h3>\n\n\n\n<p>Na\u0161e odgojiteljice i zdravstvena voditeljica kroz edukaciju Cap programa razvile su vje\u0161tine za samostalno provo\u0111enje aktivnosti programa s djecom pred\u0161kolske dobi.<\/p>\n\n\n\n<p>S djecom radimo na:<\/p>\n\n\n\n<ul class=\"wp-block-list\">\n<li>prepoznavanju potencijalno opasne situacije,<\/li>\n\n\n\n<li>stjecanju samosvijesti,<\/li>\n\n\n\n<li>vr\u0161nja\u010dkoj pomo\u0107i,<\/li>\n\n\n\n<li>povjeravanju odrasloj osobi u koju dijete ima povjerenja.<\/li>\n<\/ul>\n\n\n\n<p>U na\u0161em vrti\u0107u sretno odrastaju djece unutar 4 odgojne skupine o kojima brinu<br>6 odgajateljica, ravnateljica, kuharica i pomo\u0107nica, zdravstveni voditelj, 2 stru\u010dna suradnika pedagoga, ra\u010dunovodstveni voditelj.<\/p>\n","protected":false},"excerpt":{"rendered":"<p>Program vrti\u0107a U planiranju rada dje\u010djeg vrti\u0107a Sv.Pavla apostola polazi\u0161te nam je dijete i njegove razvojne potrebe i\u00a0interesi. Dje\u010dji vrti\u0107 provodi sljede\u0107e programe: Program vjerskog odgoja Aktivnosti vjerskog programa ostvaruju se kroz pisanu rije\u010d, glazbu, likovno i scensko izra\u017eavanje, prakti\u010dne, istra\u017eivala\u010dke i spoznajne djelatnosti, raznovrsne igre, stvaranje i pokret. Cilj programa je razvoj odgajati duhovne [&hellip;]<\/p>\n","protected":false},"author":1,"featured_media":0,"parent":0,"menu_order":0,"comment_status":"closed","ping_status":"closed","template":"","meta":{"_breakdance_hide_in_design_set":false,"_breakdance_tags":"","footnotes":""},"class_list":["post-104","page","type-page","status-publish","hentry"],"_links":{"self":[{"href":"https:\/\/djecjivrticsvetogpavlaapostola.hr\/index.php?rest_route=\/wp\/v2\/pages\/104","targetHints":{"allow":["GET"]}}],"collection":[{"href":"https:\/\/djecjivrticsvetogpavlaapostola.hr\/index.php?rest_route=\/wp\/v2\/pages"}],"about":[{"href":"https:\/\/djecjivrticsvetogpavlaapostola.hr\/index.php?rest_route=\/wp\/v2\/types\/page"}],"author":[{"embeddable":true,"href":"https:\/\/djecjivrticsvetogpavlaapostola.hr\/index.php?rest_route=\/wp\/v2\/users\/1"}],"replies":[{"embeddable":true,"href":"https:\/\/djecjivrticsvetogpavlaapostola.hr\/index.php?rest_route=%2Fwp%2Fv2%2Fcomments&post=104"}],"version-history":[{"count":5,"href":"https:\/\/djecjivrticsvetogpavlaapostola.hr\/index.php?rest_route=\/wp\/v2\/pages\/104\/revisions"}],"predecessor-version":[{"id":111,"href":"https:\/\/djecjivrticsvetogpavlaapostola.hr\/index.php?rest_route=\/wp\/v2\/pages\/104\/revisions\/111"}],"wp:attachment":[{"href":"https:\/\/djecjivrticsvetogpavlaapostola.hr\/index.php?rest_route=%2Fwp%2Fv2%2Fmedia&parent=104"}],"curies":[{"name":"wp","href":"https:\/\/api.w.org\/{rel}","templated":true}]}}