{"id":100,"date":"2023-09-12T13:43:46","date_gmt":"2023-09-12T13:43:46","guid":{"rendered":"https:\/\/djecjivrticsvetogpavlaapostola.hr\/?page_id=100"},"modified":"2024-03-11T09:50:07","modified_gmt":"2024-03-11T08:50:07","slug":"statut-vrtica-i-opci-akti","status":"publish","type":"page","link":"https:\/\/djecjivrticsvetogpavlaapostola.hr\/?page_id=100","title":{"rendered":"Statut, op\u0107i akti i korisni dokumenti"},"content":{"rendered":"\n<h1 class=\"wp-block-heading\">Statut, op\u0107i akti i korisni dokumenti<\/h1>\n\n\n\n<p><a href=\"https:\/\/djecjivrticsvetogpavlaapostola.hr\/wp-content\/uploads\/2024\/03\/DVSPA-Statut-vrtica.pdf\" data-type=\"link\" data-id=\"https:\/\/djecjivrticsvetogpavlaapostola.hr\/wp-content\/uploads\/2024\/03\/DVSPA-Statut-vrtica.pdf\" target=\"_blank\" rel=\"noreferrer noopener\">Statut dje\u010djeg vrti\u0107a sv. Pavla apostola<\/a><\/p>\n\n\n\n<p><a href=\"https:\/\/djecjivrticsvetogpavlaapostola.hr\/wp-content\/uploads\/2024\/03\/DVSPA-Pravilnik-o-unutarnjem-ustrojstvu-vrtica.pdf\" data-type=\"link\" data-id=\"https:\/\/djecjivrticsvetogpavlaapostola.hr\/wp-content\/uploads\/2024\/03\/DVSPA-Pravilnik-o-unutarnjem-ustrojstvu-vrtica.pdf\" target=\"_blank\" rel=\"noreferrer noopener\">Pravilnik o unutarnjem ustrojstvu vrti\u0107a<\/a><\/p>\n\n\n\n<div style=\"height:50px\" aria-hidden=\"true\" class=\"wp-block-spacer\"><\/div>\n\n\n\n<p><a href=\"https:\/\/djecjivrticsvetogpavlaapostola.hr\/wp-content\/uploads\/2023\/10\/zahtjev-za-ostvarivanje-prava-za-umanjenje-cijene.pdf\" data-type=\"link\" data-id=\"https:\/\/djecjivrticsvetogpavlaapostola.hr\/wp-content\/uploads\/2023\/10\/zahtjev-za-ostvarivanje-prava-za-umanjenje-cijene.pdf\" target=\"_blank\" rel=\"noreferrer noopener\">Zahtjev za ostvarivanje prava <\/a><a href=\"https:\/\/djecjivrticsvetogpavlaapostola.hr\/wp-content\/uploads\/2023\/10\/zahtjev-za-ostvarivanje-prava-za-umanjenje-cijene.pdf\" data-type=\"link\" data-id=\"https:\/\/djecjivrticsvetogpavlaapostola.hr\/wp-content\/uploads\/2023\/10\/zahtjev-za-ostvarivanje-prava-za-umanjenje-cijene.pdf\" target=\"_blank\" rel=\"noreferrer noopener\">z<\/a><a href=\"https:\/\/djecjivrticsvetogpavlaapostola.hr\/wp-content\/uploads\/2023\/10\/zahtjev-za-ostvarivanje-prava-za-umanjenje-cijene.pdf\" data-type=\"link\" data-id=\"https:\/\/djecjivrticsvetogpavlaapostola.hr\/wp-content\/uploads\/2023\/10\/zahtjev-za-ostvarivanje-prava-za-umanjenje-cijene.pdf\" target=\"_blank\" rel=\"noreferrer noopener\">a<\/a><a href=\"https:\/\/djecjivrticsvetogpavlaapostola.hr\/wp-content\/uploads\/2023\/10\/zahtjev-za-ostvarivanje-prava-za-umanjenje-cijene.pdf\" data-type=\"link\" data-id=\"https:\/\/djecjivrticsvetogpavlaapostola.hr\/wp-content\/uploads\/2023\/10\/zahtjev-za-ostvarivanje-prava-za-umanjenje-cijene.pdf\" target=\"_blank\" rel=\"noreferrer noopener\"> umanjenje cijene<\/a><\/p>\n\n\n\n<p><a href=\"https:\/\/djecjivrticsvetogpavlaapostola.hr\/wp-content\/uploads\/2024\/03\/DVSPA-Zahtjev-za-ispis.pdf\" data-type=\"link\" data-id=\"https:\/\/djecjivrticsvetogpavlaapostola.hr\/wp-content\/uploads\/2024\/03\/DVSPA-Zahtjev-za-ispis.pdf\" target=\"_blank\" rel=\"noreferrer noopener\">Zahtjev za ispis djeteta iz programa vrti\u0107a<\/a><\/p>\n","protected":false},"excerpt":{"rendered":"<p>Statut, op\u0107i akti i korisni dokumenti Statut dje\u010djeg vrti\u0107a sv. Pavla apostola Pravilnik o unutarnjem ustrojstvu vrti\u0107a Zahtjev za ostvarivanje prava za umanjenje cijene Zahtjev za ispis djeteta iz programa vrti\u0107a<\/p>\n","protected":false},"author":1,"featured_media":0,"parent":0,"menu_order":0,"comment_status":"closed","ping_status":"closed","template":"","meta":{"_breakdance_hide_in_design_set":false,"_breakdance_tags":"","footnotes":""},"class_list":["post-100","page","type-page","status-publish","hentry"],"_links":{"self":[{"href":"https:\/\/djecjivrticsvetogpavlaapostola.hr\/index.php?rest_route=\/wp\/v2\/pages\/100","targetHints":{"allow":["GET"]}}],"collection":[{"href":"https:\/\/djecjivrticsvetogpavlaapostola.hr\/index.php?rest_route=\/wp\/v2\/pages"}],"about":[{"href":"https:\/\/djecjivrticsvetogpavlaapostola.hr\/index.php?rest_route=\/wp\/v2\/types\/page"}],"author":[{"embeddable":true,"href":"https:\/\/djecjivrticsvetogpavlaapostola.hr\/index.php?rest_route=\/wp\/v2\/users\/1"}],"replies":[{"embeddable":true,"href":"https:\/\/djecjivrticsvetogpavlaapostola.hr\/index.php?rest_route=%2Fwp%2Fv2%2Fcomments&post=100"}],"version-history":[{"count":8,"href":"https:\/\/djecjivrticsvetogpavlaapostola.hr\/index.php?rest_route=\/wp\/v2\/pages\/100\/revisions"}],"predecessor-version":[{"id":205,"href":"https:\/\/djecjivrticsvetogpavlaapostola.hr\/index.php?rest_route=\/wp\/v2\/pages\/100\/revisions\/205"}],"wp:attachment":[{"href":"https:\/\/djecjivrticsvetogpavlaapostola.hr\/index.php?rest_route=%2Fwp%2Fv2%2Fmedia&parent=100"}],"curies":[{"name":"wp","href":"https:\/\/api.w.org\/{rel}","templated":true}]}}